{"id":28876,"date":"2024-07-06T11:37:00","date_gmt":"2024-07-06T09:37:00","guid":{"rendered":"https:\/\/rinews.georgiansummitexpedition.com\/?page_id=28876"},"modified":"2024-07-30T14:14:59","modified_gmt":"2024-07-30T12:14:59","slug":"europe","status":"publish","type":"page","link":"http:\/\/www.globalscholarperspective.com\/en\/europe\/","title":{"rendered":"Europe"},"content":{"rendered":"<p>[et_pb_section fb_built=\u00a0\u00bb1&Prime; fullwidth=\u00a0\u00bbon\u00a0\u00bb _builder_version=\u00a0\u00bb4.25.2&Prime; _module_preset=\u00a0\u00bbdefault\u00a0\u00bb background_image=\u00a0\u00bbhttp:\/\/www.globalscholarperspective.com\/wp-content\/uploads\/2024\/07\/WhatsApp-Image-2024-07-11-at-15.58.48.jpeg\u00a0\u00bb custom_margin=\u00a0\u00bb||100px||false|false\u00a0\u00bb custom_padding=\u00a0\u00bb||252px|||\u00a0\u00bb global_colors_info=\u00a0\u00bb{}\u00a0\u00bb][et_pb_fullwidth_header title=\u00a0\u00bbEurope\u00a0\u00bb _builder_version=\u00a0\u00bb4.25.2&Prime; _module_preset=\u00a0\u00bbdefault\u00a0\u00bb title_text_align=\u00a0\u00bbcenter\u00a0\u00bb title_font_size=\u00a0\u00bb80px\u00a0\u00bb content_font_size=\u00a0\u00bb19px\u00a0\u00bb subhead_text_align=\u00a0\u00bbcenter\u00a0\u00bb subhead_font_size=\u00a0\u00bb21px\u00a0\u00bb background_enable_color=\u00a0\u00bboff\u00a0\u00bb custom_button_one=\u00a0\u00bbon\u00a0\u00bb button_one_text_size=\u00a0\u00bb14px\u00a0\u00bb button_one_icon_placement=\u00a0\u00bbleft\u00a0\u00bb button_one_custom_margin=\u00a0\u00bb|0px||470px|false|false\u00a0\u00bb min_height=\u00a0\u00bb369px\u00a0\u00bb custom_margin=\u00a0\u00bb||0px||false|false\u00a0\u00bb custom_padding=\u00a0\u00bb238px||0px||false|false\u00a0\u00bb title_text_shadow_style=\u00a0\u00bbpreset1&Prime; content_text_shadow_style=\u00a0\u00bbpreset1&Prime; text_shadow_style=\u00a0\u00bbpreset1&Prime; global_colors_info=\u00a0\u00bb{}\u00a0\u00bb]<\/p>\n<p style=\"text-align: center;\">In this section, you will find a series of analyses presented by master\u2019s students specializing in European studies at the University of Geneva.<\/p>\n<p>[\/et_pb_fullwidth_header][\/et_pb_section][et_pb_section fb_built=\u00a0\u00bb1&Prime; _builder_version=\u00a0\u00bb4.26.0&Prime; _module_preset=\u00a0\u00bbdefault\u00a0\u00bb min_height=\u00a0\u00bb551px\u00a0\u00bb custom_margin=\u00a0\u00bb-103px|||||\u00a0\u00bb global_colors_info=\u00a0\u00bb{}\u00a0\u00bb][et_pb_row _builder_version=\u00a0\u00bb4.26.0&Prime; _module_preset=\u00a0\u00bbdefault\u00a0\u00bb global_colors_info=\u00a0\u00bb{}\u00a0\u00bb][et_pb_column type=\u00a0\u00bb4_4&Prime; _builder_version=\u00a0\u00bb4.26.0&Prime; _module_preset=\u00a0\u00bbdefault\u00a0\u00bb global_colors_info=\u00a0\u00bb{}\u00a0\u00bb][et_pb_text _builder_version=\u00a0\u00bb4.25.2&Prime; _module_preset=\u00a0\u00bbdefault\u00a0\u00bb global_colors_info=\u00a0\u00bb{}\u00a0\u00bb]<\/p>\n<h2>Discover the Featured Articles<\/h2>\n<p>[\/et_pb_text][\/et_pb_column][\/et_pb_row][et_pb_row column_structure=\u00a0\u00bb1_3,1_3,1_3&Prime; _builder_version=\u00a0\u00bb4.26.0&Prime; _module_preset=\u00a0\u00bbdefault\u00a0\u00bb global_colors_info=\u00a0\u00bb{}\u00a0\u00bb][et_pb_column type=\u00a0\u00bb1_3&Prime; _builder_version=\u00a0\u00bb4.26.0&Prime; _module_preset=\u00a0\u00bbdefault\u00a0\u00bb global_colors_info=\u00a0\u00bb{}\u00a0\u00bb][et_pb_text _builder_version=\u00a0\u00bb4.26.1&Prime; _module_preset=\u00a0\u00bbdefault\u00a0\u00bb text_text_color=\u00a0\u00bb#FFFFFF\u00a0\u00bb text_font_size=\u00a0\u00bb16px\u00a0\u00bb header_4_text_align=\u00a0\u00bbcenter\u00a0\u00bb header_4_text_color=\u00a0\u00bb#FFFFFF\u00a0\u00bb header_4_font_size=\u00a0\u00bb28px\u00a0\u00bb background_image=\u00a0\u00bbhttps:\/\/rinews.georgiansummitexpedition.com\/wp-content\/uploads\/2024\/07\/aspEHA2CFpIjgYt3a.webp\u00a0\u00bb height=\u00a0\u00bb225px\u00a0\u00bb custom_padding=\u00a0\u00bb103px||||false|false\u00a0\u00bb link_option_url=\u00a0\u00bbhttps:\/\/www.globalscholarperspective.com\/legislatives-2024-polarisation-du-debat-en-france\/\u00a0\u00bb text_text_shadow_style=\u00a0\u00bbpreset1&Prime; header_4_text_shadow_style=\u00a0\u00bbpreset1&Prime; global_colors_info=\u00a0\u00bb{}\u00a0\u00bb]<\/p>\n<p class=\"entry-title\" style=\"text-align: center;\"><strong>2024 Legislative Elections: Polarization of the Debate in France<\/strong><\/p>\n<p>[\/et_pb_text][\/et_pb_column][et_pb_column type=\u00a0\u00bb1_3&Prime; _builder_version=\u00a0\u00bb4.26.0&Prime; _module_preset=\u00a0\u00bbdefault\u00a0\u00bb global_colors_info=\u00a0\u00bb{}\u00a0\u00bb][et_pb_text _builder_version=\u00a0\u00bb4.26.1&Prime; _module_preset=\u00a0\u00bbdefault\u00a0\u00bb text_text_color=\u00a0\u00bb#FFFFFF\u00a0\u00bb text_font_size=\u00a0\u00bb17px\u00a0\u00bb header_text_align=\u00a0\u00bbcenter\u00a0\u00bb header_4_text_align=\u00a0\u00bbcenter\u00a0\u00bb background_image=\u00a0\u00bbhttp:\/\/www.globalscholarperspective.com\/wp-content\/uploads\/2024\/07\/watch-water-branch-dew-record-fence-492765-pxhere.com_-scaled.jpg\u00a0\u00bb height=\u00a0\u00bb225px\u00a0\u00bb custom_padding=\u00a0\u00bb103px||||false|false\u00a0\u00bb link_option_url=\u00a0\u00bbhttps:\/\/www.globalscholarperspective.com\/union-europeenne-et-immigration-bruxelles-durcit-le-ton\/\u00a0\u00bb text_text_shadow_style=\u00a0\u00bbpreset1&Prime; global_colors_info=\u00a0\u00bb{}\u00a0\u00bb]<\/p>\n<p style=\"text-align: center;\"><strong>European Union and Immigration: Brussels Toughens Its Stance<\/strong><\/p>\n<p>[\/et_pb_text][\/et_pb_column][et_pb_column type=\u00a0\u00bb1_3&Prime; _builder_version=\u00a0\u00bb4.26.0&Prime; _module_preset=\u00a0\u00bbdefault\u00a0\u00bb global_colors_info=\u00a0\u00bb{}\u00a0\u00bb][et_pb_text _builder_version=\u00a0\u00bb4.26.1&Prime; _module_preset=\u00a0\u00bbdefault\u00a0\u00bb text_text_color=\u00a0\u00bb#FFFFFF\u00a0\u00bb text_font_size=\u00a0\u00bb16px\u00a0\u00bb header_4_text_align=\u00a0\u00bbcenter\u00a0\u00bb background_image=\u00a0\u00bbhttp:\/\/www.globalscholarperspective.com\/wp-content\/uploads\/2024\/07\/MG_8303-scaled.jpg\u00a0\u00bb height=\u00a0\u00bb225px\u00a0\u00bb custom_padding=\u00a0\u00bb104px||||false|false\u00a0\u00bb link_option_url=\u00a0\u00bbhttps:\/\/www.globalscholarperspective.com\/recit-frontiere-polono-ukrainienne-mars-2022\/\u00a0\u00bb text_text_shadow_style=\u00a0\u00bbpreset1&Prime; global_colors_info=\u00a0\u00bb{}\u00a0\u00bb]<\/p>\n<p style=\"text-align: center;\"><strong>Report \u2013 Poland-Ukraine Border \u2013 March 2022<\/strong><\/p>\n<p>[\/et_pb_text][\/et_pb_column][\/et_pb_row][\/et_pb_section][et_pb_section fb_built=\u00a0\u00bb1&Prime; _builder_version=\u00a0\u00bb4.26.0&Prime; _module_preset=\u00a0\u00bbdefault\u00a0\u00bb global_colors_info=\u00a0\u00bb{}\u00a0\u00bb][et_pb_row _builder_version=\u00a0\u00bb4.26.0&Prime; _module_preset=\u00a0\u00bbdefault\u00a0\u00bb global_colors_info=\u00a0\u00bb{}\u00a0\u00bb][et_pb_column type=\u00a0\u00bb4_4&Prime; _builder_version=\u00a0\u00bb4.26.0&Prime; _module_preset=\u00a0\u00bbdefault\u00a0\u00bb global_colors_info=\u00a0\u00bb{}\u00a0\u00bb][et_pb_toggle title=\u00a0\u00bbArticles \u00a0\u00bb _builder_version=\u00a0\u00bb4.26.1&Prime; _module_preset=\u00a0\u00bbdefault\u00a0\u00bb hover_enabled=\u00a0\u00bb0&Prime; global_colors_info=\u00a0\u00bb{}\u00a0\u00bb sticky_enabled=\u00a0\u00bb0&Prime;]<\/p>\n<ul>\n<li><a href=\"https:\/\/www.globalscholarperspective.com\/en\/relations-ue-turquie-je-taime-moi-non-plus\/?et_fb=1&amp;PageSpeed=off\">EU-Turkey Relations<\/a> : I Love You, I Love You Not\u00a0<em>Marc-Aur\u00e8le Barez<\/em><\/li>\n<li><a href=\"https:\/\/www.globalscholarperspective.com\/en\/union-europeenne-et-immigration-bruxelles-durcit-le-ton\/\">European Union and  Immigration<\/a> : Brussels Toughens Its Stance <em>Marc-Aur\u00e8le Barez\u00a0<\/em><\/li>\n<li><a href=\"https:\/\/www.globalscholarperspective.com\/en\/recit-frontiere-polono-ukrainienne-mars-2022\/\">Report<\/a> -  Poland-Ukraine Border \u2013 March 2022\u00a0<em>Marc-Aur\u00e8le Barez &amp; Louis Sandro Zarandia\u00a0<\/em><\/li>\n<li><a href=\"https:\/\/www.globalscholarperspective.com\/en\/e-macron-et-lukraine-decryptage-dune-position-audacieuse-qui-divise-leurope\/\">E. Macron and Ukraine<\/a> : Decoding a Bold Stance Dividing Europe\u00a0<em>Louis Sandro Zarandia<\/em><\/li>\n<li><a href=\"https:\/\/www.globalscholarperspective.com\/en\/legislatives-2024-polarisation-du-debat-en-france\/\">2024 Legislative Elections<\/a> : Polarization of the Debate in France\u00a0<em>Louis Sandro Zarandia<\/em><\/li>\n<li><a href=\"https:\/\/www.globalscholarperspective.com\/en\/immigration-danger-mortel-dans-les-alpes\/?et_fb=1&amp;PageSpeed=off\">Immigration<\/a> : Danger mortel dans les Alpes &#8211;\u00a0<em>Marc-Aur\u00e8le Barez<\/em><\/li>\n<\/ul>\n<p>[\/et_pb_toggle][\/et_pb_column][\/et_pb_row][\/et_pb_section]<\/p>","protected":false},"excerpt":{"rendered":"<p>Dans cette partie vous retrouverez une s\u00e9rie d&rsquo;analyses propos\u00e9e par des \u00e9tudiants en Master Europe \u00e0 l&rsquo;Universit\u00e9 de Gen\u00e8veD\u00e9couvrez les articles \u00e0 la uneL\u00e9gislatives 2024 : polarisation du d\u00e9bat en FranceUnion Europ\u00e9enne et immigration : Bruxelles durcit le tonR\u00e9cit \u2013 Fronti\u00e8re Polono-Ukrainienne \u2013 Mars 2022 Relations UE-Turquie : je t&rsquo;aime, moi non plus &#8211;\u00a0Marc-Aur\u00e8le Barez [&hellip;]<\/p>","protected":false},"author":1,"featured_media":0,"parent":0,"menu_order":0,"comment_status":"closed","ping_status":"closed","template":"","meta":{"_et_pb_use_builder":"on","_et_pb_old_content":"","_et_gb_content_width":"","footnotes":""},"class_list":["post-28876","page","type-page","status-publish","hentry"],"_links":{"self":[{"href":"http:\/\/www.globalscholarperspective.com\/en\/wp-json\/wp\/v2\/pages\/28876","targetHints":{"allow":["GET"]}}],"collection":[{"href":"http:\/\/www.globalscholarperspective.com\/en\/wp-json\/wp\/v2\/pages"}],"about":[{"href":"http:\/\/www.globalscholarperspective.com\/en\/wp-json\/wp\/v2\/types\/page"}],"author":[{"embeddable":true,"href":"http:\/\/www.globalscholarperspective.com\/en\/wp-json\/wp\/v2\/users\/1"}],"replies":[{"embeddable":true,"href":"http:\/\/www.globalscholarperspective.com\/en\/wp-json\/wp\/v2\/comments?post=28876"}],"version-history":[{"count":10,"href":"http:\/\/www.globalscholarperspective.com\/en\/wp-json\/wp\/v2\/pages\/28876\/revisions"}],"predecessor-version":[{"id":29236,"href":"http:\/\/www.globalscholarperspective.com\/en\/wp-json\/wp\/v2\/pages\/28876\/revisions\/29236"}],"wp:attachment":[{"href":"http:\/\/www.globalscholarperspective.com\/en\/wp-json\/wp\/v2\/media?parent=28876"}],"curies":[{"name":"wp","href":"https:\/\/api.w.org\/{rel}","templated":true}]}}