{"id":28882,"date":"2024-07-06T11:36:52","date_gmt":"2024-07-06T09:36:52","guid":{"rendered":"https:\/\/rinews.georgiansummitexpedition.com\/?page_id=28882"},"modified":"2025-10-09T09:12:12","modified_gmt":"2025-10-09T07:12:12","slug":"eurasie","status":"publish","type":"page","link":"http:\/\/www.globalscholarperspective.com\/en\/eurasie\/","title":{"rendered":"Eurasia"},"content":{"rendered":"<p>[et_pb_section fb_built=\u00a0\u00bb1&Prime; fullwidth=\u00a0\u00bbon\u00a0\u00bb _builder_version=\u00a0\u00bb4.26.0&Prime; _module_preset=\u00a0\u00bbdefault\u00a0\u00bb background_image=\u00a0\u00bbhttps:\/\/rinews.georgiansummitexpedition.com\/wp-content\/uploads\/2024\/07\/IMG_2649.jpg\u00a0\u00bb global_colors_info=\u00a0\u00bb{}\u00a0\u00bb][et_pb_fullwidth_header title=\u00a0\u00bbEurasie \u00a0\u00bb _builder_version=\u00a0\u00bb4.25.2&Prime; _module_preset=\u00a0\u00bbdefault\u00a0\u00bb title_text_align=\u00a0\u00bbcenter\u00a0\u00bb title_font_size=\u00a0\u00bb80px\u00a0\u00bb content_text_align=\u00a0\u00bbcenter\u00a0\u00bb content_font_size=\u00a0\u00bb17px\u00a0\u00bb background_enable_color=\u00a0\u00bboff\u00a0\u00bb custom_button_one=\u00a0\u00bbon\u00a0\u00bb button_one_text_size=\u00a0\u00bb14px\u00a0\u00bb button_one_icon_placement=\u00a0\u00bbleft\u00a0\u00bb button_one_custom_margin=\u00a0\u00bb|0px||470px|false|false\u00a0\u00bb min_height=\u00a0\u00bb545px\u00a0\u00bb custom_padding=\u00a0\u00bb239px||1px|||\u00a0\u00bb title_text_shadow_style=\u00a0\u00bbpreset1&Prime; content_text_shadow_style=\u00a0\u00bbpreset1&Prime; global_colors_info=\u00a0\u00bb{}\u00a0\u00bb]<\/p>\n<p style=\"text-align: center;\">In this section, you will find a series of analyses presented by master\u2019s students specializing in Russian and Eurasian studies at Uppsala University and the University of Geneva.<\/p>\n<p>[\/et_pb_fullwidth_header][\/et_pb_section][et_pb_section fb_built=\u00a0\u00bb1&Prime; _builder_version=\u00a0\u00bb4.26.0&Prime; _module_preset=\u00a0\u00bbdefault\u00a0\u00bb custom_margin=\u00a0\u00bb3px|||||\u00a0\u00bb global_colors_info=\u00a0\u00bb{}\u00a0\u00bb][et_pb_row _builder_version=\u00a0\u00bb4.26.0&Prime; _module_preset=\u00a0\u00bbdefault\u00a0\u00bb global_colors_info=\u00a0\u00bb{}\u00a0\u00bb][et_pb_column type=\u00a0\u00bb4_4&Prime; _builder_version=\u00a0\u00bb4.26.0&Prime; _module_preset=\u00a0\u00bbdefault\u00a0\u00bb global_colors_info=\u00a0\u00bb{}\u00a0\u00bb][et_pb_text _builder_version=\u00a0\u00bb4.25.2&Prime; _module_preset=\u00a0\u00bbdefault\u00a0\u00bb global_colors_info=\u00a0\u00bb{}\u00a0\u00bb]<\/p>\n<h2>Discover the Featured Articles<\/h2>\n<p>[\/et_pb_text][\/et_pb_column][\/et_pb_row][et_pb_row column_structure=\u00a0\u00bb1_3,1_3,1_3&Prime; _builder_version=\u00a0\u00bb4.26.0&Prime; _module_preset=\u00a0\u00bbdefault\u00a0\u00bb global_colors_info=\u00a0\u00bb{}\u00a0\u00bb][et_pb_column type=\u00a0\u00bb1_3&Prime; _builder_version=\u00a0\u00bb4.26.0&Prime; _module_preset=\u00a0\u00bbdefault\u00a0\u00bb global_colors_info=\u00a0\u00bb{}\u00a0\u00bb][et_pb_text _builder_version=\u00a0\u00bb4.26.1&Prime; _module_preset=\u00a0\u00bbdefault\u00a0\u00bb text_text_color=\u00a0\u00bb#FFFFFF\u00a0\u00bb text_font_size=\u00a0\u00bb16px\u00a0\u00bb header_4_text_align=\u00a0\u00bbcenter\u00a0\u00bb header_4_text_color=\u00a0\u00bb#FFFFFF\u00a0\u00bb header_4_font_size=\u00a0\u00bb28px\u00a0\u00bb background_image=\u00a0\u00bbhttp:\/\/www.globalscholarperspective.com\/wp-content\/uploads\/2024\/07\/MG_8303-scaled.jpg\u00a0\u00bb height=\u00a0\u00bb225px\u00a0\u00bb custom_padding=\u00a0\u00bb103px||||false|false\u00a0\u00bb link_option_url=\u00a0\u00bbhttps:\/\/www.globalscholarperspective.com\/recit-frontiere-polono-ukrainienne-mars-2022\/\u00a0\u00bb text_text_shadow_style=\u00a0\u00bbpreset1&Prime; global_colors_info=\u00a0\u00bb{}\u00a0\u00bb]<\/p>\n<p style=\"text-align: center;\"><strong>Report \u2013 Poland-Ukraine Border \u2013 March 2022<\/strong><\/p>\n<p>[\/et_pb_text][\/et_pb_column][et_pb_column type=\u00a0\u00bb1_3&Prime; _builder_version=\u00a0\u00bb4.26.0&Prime; _module_preset=\u00a0\u00bbdefault\u00a0\u00bb global_colors_info=\u00a0\u00bb{}\u00a0\u00bb][et_pb_text _builder_version=\u00a0\u00bb4.26.1&Prime; _module_preset=\u00a0\u00bbdefault\u00a0\u00bb text_text_color=\u00a0\u00bb#FFFFFF\u00a0\u00bb text_font_size=\u00a0\u00bb16px\u00a0\u00bb header_text_align=\u00a0\u00bbcenter\u00a0\u00bb header_4_text_align=\u00a0\u00bbcenter\u00a0\u00bb header_4_text_color=\u00a0\u00bb#FFFFFF\u00a0\u00bb header_4_font_size=\u00a0\u00bb28px\u00a0\u00bb use_background_color_gradient=\u00a0\u00bbon\u00a0\u00bb background_image=\u00a0\u00bbhttps:\/\/rinews.georgiansummitexpedition.com\/wp-content\/uploads\/2024\/07\/m109a6-2666821_1280.jpg\u00a0\u00bb height=\u00a0\u00bb225px\u00a0\u00bb custom_padding=\u00a0\u00bb103px||||false|false\u00a0\u00bb link_option_url=\u00a0\u00bbhttps:\/\/www.globalscholarperspective.com\/e-macron-et-lukraine-decryptage-dune-position-audacieuse-qui-divise-leurope\/\u00a0\u00bb text_text_shadow_style=\u00a0\u00bbpreset1&Prime; global_colors_info=\u00a0\u00bb{}\u00a0\u00bb]<\/p>\n<p class=\"entry-title\" style=\"text-align: center;\"><strong>E. Macron and Ukraine: Decoding a Bold Stance Dividing Europe<\/strong><\/p>\n<p>[\/et_pb_text][\/et_pb_column][et_pb_column type=\u00a0\u00bb1_3&Prime; _builder_version=\u00a0\u00bb4.26.0&Prime; _module_preset=\u00a0\u00bbdefault\u00a0\u00bb global_colors_info=\u00a0\u00bb{}\u00a0\u00bb][et_pb_text _builder_version=\u00a0\u00bb4.26.1&Prime; _module_preset=\u00a0\u00bbdefault\u00a0\u00bb text_text_color=\u00a0\u00bb#FFFFFF\u00a0\u00bb text_font_size=\u00a0\u00bb16px\u00a0\u00bb header_4_text_align=\u00a0\u00bbcenter\u00a0\u00bb background_image=\u00a0\u00bbhttp:\/\/www.globalscholarperspective.com\/wp-content\/uploads\/2024\/07\/car-truck-vehicle-machine-motor-vehicle-history-845098-pxhere.com_-scaled.jpg\u00a0\u00bb height=\u00a0\u00bb225px\u00a0\u00bb custom_padding=\u00a0\u00bb104px||||false|false\u00a0\u00bb link_option_url=\u00a0\u00bbhttps:\/\/www.globalscholarperspective.com\/conflit-au-haut-karabakh-la-diplomatie-europeenne-sacrifiee-sur-lautel-du-gaz-azerbaidjanais\/\u00a0\u00bb text_text_shadow_style=\u00a0\u00bbpreset1&Prime; global_colors_info=\u00a0\u00bb{}\u00a0\u00bb]<\/p>\n<p class=\"entry-title\" style=\"text-align: center;\"><strong>Conflict in Nagorno-Karabakh: European Diplomacy Sacrificed on the Altar of Azerbaijani Gas<\/strong><\/p>\n<p>[\/et_pb_text][\/et_pb_column][\/et_pb_row][\/et_pb_section][et_pb_section fb_built=\u00a0\u00bb1&Prime; _builder_version=\u00a0\u00bb4.26.0&Prime; _module_preset=\u00a0\u00bbdefault\u00a0\u00bb global_colors_info=\u00a0\u00bb{}\u00a0\u00bb][et_pb_row _builder_version=\u00a0\u00bb4.26.1&Prime; _module_preset=\u00a0\u00bbdefault\u00a0\u00bb global_colors_info=\u00a0\u00bb{}\u00a0\u00bb][et_pb_column type=\u00a0\u00bb4_4&Prime; _builder_version=\u00a0\u00bb4.26.1&Prime; _module_preset=\u00a0\u00bbdefault\u00a0\u00bb global_colors_info=\u00a0\u00bb{}\u00a0\u00bb][et_pb_toggle title=\u00a0\u00bbArticles\u00a0\u00bb _builder_version=\u00a0\u00bb4.26.1&Prime; _module_preset=\u00a0\u00bbdefault\u00a0\u00bb hover_enabled=\u00a0\u00bb0&Prime; global_colors_info=\u00a0\u00bb{}\u00a0\u00bb sticky_enabled=\u00a0\u00bb0&Prime;]<\/p>\n<ul>\n<li><a href=\"https:\/\/www.globalscholarperspective.com\/en\/e-macron-et-lukraine-decryptage-dune-position-audacieuse-qui-divise-leurope\/\">E. Macron and Ukraine<\/a> : Decoding a Bold Stance Dividing Europe\u00a0<em>Louis Sandro Zarandia<\/em><\/li>\n<li><a href=\"https:\/\/www.globalscholarperspective.com\/en\/recit-frontiere-polono-ukrainienne-mars-2022\/\">Report<\/a> -  Poland-Ukraine Border \u2013 March 2022 <em>Marc-Aur\u00e8le Barez &amp; Louis Sandro Zarandia\u00a0<\/em><\/li>\n<li><a href=\"https:\/\/www.globalscholarperspective.com\/en\/conflit-au-haut-karabakh-la-diplomatie-europeenne-sacrifiee-sur-lautel-du-gaz-azerbaidjanais\/\">Conflict in Nagorno-Karabakh<\/a> : European Diplomacy Sacrificed on the Altar of Azerbaijani Gas\u00a0<em>Marc-Aur\u00e8le Barez\u00a0<\/em><\/li>\n<li><a href=\"https:\/\/www.globalscholarperspective.com\/en\/la-bataille-de-koursk\/\">Ukraine : Battle of Kursk<\/a> &#8211; <em>Louis Sandro Zarandia<\/em><\/li>\n<li><a href=\"https:\/\/www.globalscholarperspective.com\/en\/risques-de-belarussification-de-la-georgie\/?et_fb=1&amp;PageSpeed=off\">Risks of Belarusification of Georgia<\/a> &#8211; <em>Louis Sandro Zarandia\u00a0<\/em><\/li>\n<li>\n<div><span><a href=\"https:\/\/www.globalscholarperspective.com\/en\/critique-de-livre-jan-v-nanuashvili-ce-que-tout-le-monde-dans-le-monde-libre-devrait-savoir-sur-la-russie-1973\/\">Book review<\/a> Jan V. Nanuashvili \u2013 What Everyone in The Free World Should Know About Russia, 1973 <em>Louis Sandro Zarandia<\/em>\u00a0<\/span><\/div>\n<\/li>\n<li><span><a href=\"https:\/\/www.globalscholarperspective.com\/en\/article-dopinion-toute-la-masse-citoyenne-russe-est-elle-responsable-du-conflit-en-cours-en-ukraine-et-si-oui-devrait-elle-etre-humiliee-pour-son-apathie-en-cas-de-victoire-ukrainienne\/\">Opinion Article<\/a> Are all Russian citizens to blame for the ongoing conflict in Ukraine, and if so, should they be humiliated for their apathy in the event of a Ukrainian victory? <em>Louis Sandro Zarandia<\/em><\/span><\/li>\n<li><a href=\"https:\/\/www.globalscholarperspective.com\/en\/article-dopinion-toute-la-masse-citoyenne-russe-est-elle-responsable-du-conflit-en-cours-en-ukraine-et-si-oui-devrait-elle-etre-humiliee-pour-son-apathie-en-cas-de-victoire-ukrainienne-2\/\">Opinion Article<\/a> - Georgia has Lost - <em>Louis Sandro Zarandia\u00a0<\/em><\/li>\n<\/ul>\n<p>[\/et_pb_toggle][\/et_pb_column][\/et_pb_row][\/et_pb_section]<\/p>","protected":false},"excerpt":{"rendered":"<p>Dans cette partie vous retrouverez une s\u00e9rie d&rsquo;analyses propos\u00e9e par des \u00e9tudiants en Master Russian and Eurasian studies \u00e0 l&rsquo;Universit\u00e9 d&rsquo;Uppsala, ainsi qu&rsquo;\u00e0 l&rsquo;universit\u00e9 de Gen\u00e8veD\u00e9couvrez les articles \u00e0 la uneR\u00e9cit \u2013 Fronti\u00e8re Polono-Ukrainienne \u2013 Mars 2022E.Macron et l\u2019Ukraine : d\u00e9cryptage d\u2019une position audacieuse qui divise l\u2019EuropeConflit au Haut-Karabakh : La diplomatie europ\u00e9enne sacrifi\u00e9e sur [&hellip;]<\/p>","protected":false},"author":1,"featured_media":0,"parent":0,"menu_order":0,"comment_status":"closed","ping_status":"closed","template":"","meta":{"_et_pb_use_builder":"on","_et_pb_old_content":"","_et_gb_content_width":"","footnotes":""},"class_list":["post-28882","page","type-page","status-publish","hentry"],"_links":{"self":[{"href":"http:\/\/www.globalscholarperspective.com\/en\/wp-json\/wp\/v2\/pages\/28882","targetHints":{"allow":["GET"]}}],"collection":[{"href":"http:\/\/www.globalscholarperspective.com\/en\/wp-json\/wp\/v2\/pages"}],"about":[{"href":"http:\/\/www.globalscholarperspective.com\/en\/wp-json\/wp\/v2\/types\/page"}],"author":[{"embeddable":true,"href":"http:\/\/www.globalscholarperspective.com\/en\/wp-json\/wp\/v2\/users\/1"}],"replies":[{"embeddable":true,"href":"http:\/\/www.globalscholarperspective.com\/en\/wp-json\/wp\/v2\/comments?post=28882"}],"version-history":[{"count":13,"href":"http:\/\/www.globalscholarperspective.com\/en\/wp-json\/wp\/v2\/pages\/28882\/revisions"}],"predecessor-version":[{"id":29346,"href":"http:\/\/www.globalscholarperspective.com\/en\/wp-json\/wp\/v2\/pages\/28882\/revisions\/29346"}],"wp:attachment":[{"href":"http:\/\/www.globalscholarperspective.com\/en\/wp-json\/wp\/v2\/media?parent=28882"}],"curies":[{"name":"wp","href":"https:\/\/api.w.org\/{rel}","templated":true}]}}