{"id":28886,"date":"2024-07-06T11:31:30","date_gmt":"2024-07-06T09:31:30","guid":{"rendered":"https:\/\/rinews.georgiansummitexpedition.com\/?page_id=28886"},"modified":"2025-10-09T09:33:51","modified_gmt":"2025-10-09T07:33:51","slug":"qui-sommes-nous","status":"publish","type":"page","link":"http:\/\/www.globalscholarperspective.com\/en\/qui-sommes-nous\/","title":{"rendered":"About us"},"content":{"rendered":"<p>[et_pb_section fb_built=\u00a0\u00bb1&Prime; fullwidth=\u00a0\u00bbon\u00a0\u00bb _builder_version=\u00a0\u00bb4.26.0&Prime; _module_preset=\u00a0\u00bbdefault\u00a0\u00bb background_image=\u00a0\u00bbhttps:\/\/rinews.georgiansummitexpedition.com\/wp-content\/uploads\/2024\/07\/0b90a240-ac09-467f-a6e0-a8eeba0dc1e1.jpg\u00a0\u00bb global_colors_info=\u00a0\u00bb{}\u00a0\u00bb][et_pb_fullwidth_image src=\u00a0\u00bbhttps:\/\/rinews.georgiansummitexpedition.com\/wp-content\/uploads\/2024\/07\/0b90a240-ac09-467f-a6e0-a8eeba0dc1e1.jpg\u00a0\u00bb title_text=\u00a0\u00bb0b90a240-ac09-467f-a6e0-a8eeba0dc1e1&Prime; _builder_version=\u00a0\u00bb4.26.0&Prime; _module_preset=\u00a0\u00bbdefault\u00a0\u00bb custom_padding=\u00a0\u00bb2px|||||\u00a0\u00bb global_colors_info=\u00a0\u00bb{}\u00a0\u00bb][\/et_pb_fullwidth_image][\/et_pb_section][et_pb_section fb_built=\u00a0\u00bb1&Prime; _builder_version=\u00a0\u00bb4.26.0&Prime; _module_preset=\u00a0\u00bbdefault\u00a0\u00bb custom_margin=\u00a0\u00bb-183px|||||\u00a0\u00bb global_colors_info=\u00a0\u00bb{}\u00a0\u00bb][et_pb_row _builder_version=\u00a0\u00bb4.26.0&Prime; _module_preset=\u00a0\u00bbdefault\u00a0\u00bb global_colors_info=\u00a0\u00bb{}\u00a0\u00bb][et_pb_column type=\u00a0\u00bb4_4&Prime; _builder_version=\u00a0\u00bb4.26.0&Prime; _module_preset=\u00a0\u00bbdefault\u00a0\u00bb global_colors_info=\u00a0\u00bb{}\u00a0\u00bb][et_pb_text _builder_version=\u00a0\u00bb4.25.2&Prime; _module_preset=\u00a0\u00bbdefault\u00a0\u00bb global_colors_info=\u00a0\u00bb{}\u00a0\u00bb]<\/p>\n<h3 style=\"text-align: justify;\">Who are we ?<\/h3>\n<p>[\/et_pb_text][\/et_pb_column][\/et_pb_row][et_pb_row _builder_version=\u00a0\u00bb4.26.0&Prime; _module_preset=\u00a0\u00bbdefault\u00a0\u00bb global_colors_info=\u00a0\u00bb{}\u00a0\u00bb][et_pb_column type=\u00a0\u00bb4_4&Prime; _builder_version=\u00a0\u00bb4.26.0&Prime; _module_preset=\u00a0\u00bbdefault\u00a0\u00bb global_colors_info=\u00a0\u00bb{}\u00a0\u00bb][et_pb_text _builder_version=\u00a0\u00bb4.26.0&Prime; _module_preset=\u00a0\u00bbdefault\u00a0\u00bb global_colors_info=\u00a0\u00bb{}\u00a0\u00bb]<\/p>\n<p style=\"text-align: justify;\">We are students in International Relations who have decided to combine our analytical skills in the field of global geopolitics.\u00a0<br \/>We come from the Bachelor's program in International Relations at the University of Geneva, and we have chosen to continue in this field for our respective master's degrees.\u00a0<\/p>\n<p style=\"text-align: justify;\">\n<p>[\/et_pb_text][et_pb_text _builder_version=\u00a0\u00bb4.25.2&Prime; _module_preset=\u00a0\u00bbdefault\u00a0\u00bb global_colors_info=\u00a0\u00bb{}\u00a0\u00bb]<\/p>\n<h3 style=\"text-align: justify;\">Our concept<\/h3>\n<p>[\/et_pb_text][et_pb_text _builder_version=\u00a0\u00bb4.25.2&Prime; _module_preset=\u00a0\u00bbdefault\u00a0\u00bb global_colors_info=\u00a0\u00bb{}\u00a0\u00bb]<\/p>\n<p style=\"text-align: justify;\">We graduated from the Bachelor's program in International Relations at the University of Geneva and have chosen to pursue our master's degrees in this field.\u00a0<\/p>\n<p style=\"text-align: justify;\">Our edition is divided into four sections, each representing a geopolitical region that reflects our respective master's programs. Europe, Eurasia, Africa, and the Middle East are intrinsically linked both by their history and the resulting political dynamics. We aim to portray the realities on the ground, moving away from the Eurocentric perspective often found in mainstream media.\u00a0<\/p>\n<p>[\/et_pb_text][et_pb_text _builder_version=\u00a0\u00bb4.25.2&Prime; _module_preset=\u00a0\u00bbdefault\u00a0\u00bb global_colors_info=\u00a0\u00bb{}\u00a0\u00bb]<\/p>\n<h3>The Board<\/h3>\n<p>[\/et_pb_text][et_pb_text _builder_version=\u00a0\u00bb4.25.2&Prime; _module_preset=\u00a0\u00bbdefault\u00a0\u00bb global_colors_info=\u00a0\u00bb{}\u00a0\u00bb]<\/p>\n<p>The board consists of the management and active members. We aim to value both the quality and quantity of contributions. For this reason, both aspects are rewarded. Only regular contributors whose articles receive positive feedback are published on the board.<\/p>\n<p>Articles posted on our website can receive comments and likes. The most appreciated articles by the community are featured on the homepage. Their authors are then rewarded for their work by being added to the board.<\/p>\n<p>The board highlights the skills of our editorialists and gives them a boost for their CV.<\/p>\n<p>[\/et_pb_text][\/et_pb_column][\/et_pb_row][et_pb_row column_structure=\u00a0\u00bb1_2,1_2&Prime; _builder_version=\u00a0\u00bb4.26.0&Prime; _module_preset=\u00a0\u00bbdefault\u00a0\u00bb global_colors_info=\u00a0\u00bb{}\u00a0\u00bb][et_pb_column type=\u00a0\u00bb1_2&Prime; _builder_version=\u00a0\u00bb4.26.0&Prime; _module_preset=\u00a0\u00bbdefault\u00a0\u00bb global_colors_info=\u00a0\u00bb{}\u00a0\u00bb][et_pb_team_member name=\u00a0\u00bbMarc-Aur\u00e8le Barez \u00a0\u00bb position=\u00a0\u00bb\u00c9ditorialiste \u00a0\u00bb image_url=\u00a0\u00bbhttp:\/\/www.globalscholarperspective.com\/wp-content\/uploads\/2024\/07\/bd51f1ba-d7f7-476b-8d78-6d71ecc14ca8.jpg\u00a0\u00bb _builder_version=\u00a0\u00bb4.25.2&Prime; _module_preset=\u00a0\u00bbdefault\u00a0\u00bb module_alignment=\u00a0\u00bbcenter\u00a0\u00bb custom_margin=\u00a0\u00bb|||0px|false|false\u00a0\u00bb global_colors_info=\u00a0\u00bb{}\u00a0\u00bb]<\/p>\n<p style=\"text-align: justify;\">Marc is a student in International Relations. After completing his bachelor's degree at the University of Geneva, he is pursuing his master's at GSI with a specialization in the Middle East. Passionate about current affairs and journalism, he quickly became interested in writing in-depth articles to understand the foundations of events and provide an analysis rooted in both the past and present, allowing for a clearer explanation of current events.<\/p>\n<p>[\/et_pb_team_member][et_pb_toggle title=\u00a0\u00bbArticles \u00a0\u00bb _builder_version=\u00a0\u00bb4.25.2&Prime; _module_preset=\u00a0\u00bbdefault\u00a0\u00bb link_option_url=\u00a0\u00bbhttps:\/\/www.globalscholarperspective.com\/turquie-ces-dechets-europeens-qui-empoisonnent-les-refugies-union-europeenne-et-immigration-bruxelles-durcit-le-ton\/\u00a0\u00bb global_colors_info=\u00a0\u00bb{}\u00a0\u00bb]<\/p>\n<ul>\n<li><a href=\"https:\/\/www.globalscholarperspective.com\/en\/turquie-ces-dechets-europeens-qui-empoisonnent-les-refugies-union-europeenne-et-immigration-bruxelles-durcit-le-ton\/\">Turkey: These European Waste That Poison Refugees<\/a><\/li>\n<li><a href=\"https:\/\/www.globalscholarperspective.com\/en\/?p=29106&amp;et_fb=1&amp;PageSpeed=off\">EU-Turkey Relations: I Love You, I Love You Not<\/a><\/li>\n<li><a href=\"https:\/\/www.globalscholarperspective.com\/en\/union-europeenne-et-immigration-bruxelles-durcit-le-ton\/\">European Union and Immigration: Brussels Toughens Its Stance<\/a><\/li>\n<li><a href=\"https:\/\/www.globalscholarperspective.com\/en\/conflit-au-haut-karabakh-la-diplomatie-europeenne-sacrifiee-sur-lautel-du-gaz-azerbaidjanais\/\">Conflict in Nagorno-Karabakh: European Diplomacy Sacrificed on the Altar of Azerbaijani Gas<\/a><\/li>\n<li><a href=\"https:\/\/www.globalscholarperspective.com\/en\/recit-frontiere-polono-ukrainienne-mars-2022\/\">Report \u2013 Poland-Ukraine Border \u2013 March 2022<\/a><\/li>\n<\/ul>\n<p>[\/et_pb_toggle][\/et_pb_column][et_pb_column type=\u00a0\u00bb1_2&Prime; _builder_version=\u00a0\u00bb4.26.0&Prime; _module_preset=\u00a0\u00bbdefault\u00a0\u00bb global_colors_info=\u00a0\u00bb{}\u00a0\u00bb][et_pb_team_member name=\u00a0\u00bbLouis Sandro Zarandia \u00a0\u00bb position=\u00a0\u00bb\u00c9ditorialiste \u00a0\u00bb image_url=\u00a0\u00bbhttp:\/\/www.globalscholarperspective.com\/wp-content\/uploads\/2024\/07\/IMG_2667-2.heic\u00a0\u00bb _builder_version=\u00a0\u00bb4.25.2&Prime; _module_preset=\u00a0\u00bbdefault\u00a0\u00bb global_colors_info=\u00a0\u00bb{}\u00a0\u00bb]<\/p>\n<p style=\"text-align: justify;\">Louis is a student in International Relations. He completed his bachelor's degree at the University of Geneva and is currently pursuing his master's in Eurasian Studies at Uppsala University in Sweden.<br \/>Of Georgian and Swiss origin, he has one foot in Europe and the other in the Caucasus, enabling him to provide a comprehensive and insightful analysis of key issues, drawing on both history and current events.<\/p>\n<p>[\/et_pb_team_member][et_pb_toggle title=\u00a0\u00bbArticles \u00a0\u00bb _builder_version=\u00a0\u00bb4.26.1&Prime; _module_preset=\u00a0\u00bbdefault\u00a0\u00bb hover_enabled=\u00a0\u00bb0&Prime; global_colors_info=\u00a0\u00bb{}\u00a0\u00bb sticky_enabled=\u00a0\u00bb0&Prime;]<\/p>\n<ul>\n<li><a href=\"https:\/\/www.globalscholarperspective.com\/en\/e-macron-et-lukraine-decryptage-dune-position-audacieuse-qui-divise-leurope\/\">E. Macron and Ukraine: Decoding a Bold Stance Dividing Europe<\/a><\/li>\n<li><a href=\"https:\/\/www.globalscholarperspective.com\/en\/legislatives-2024-polarisation-du-debat-en-france\/\">2024 Legislative Elections: Polarization of the Debate in France<\/a><\/li>\n<li><a href=\"https:\/\/www.globalscholarperspective.com\/en\/recit-frontiere-polono-ukrainienne-mars-2022\/\">Report \u2013 Poland-Ukraine Border \u2013 March 2022<\/a><\/li>\n<li><a href=\"https:\/\/www.globalscholarperspective.com\/en\/la-bataille-de-koursk\/\">Ukraine : Battle of Kursk<\/a><\/li>\n<li><a href=\"https:\/\/www.globalscholarperspective.com\/en\/risques-de-belarussification-de-la-georgie\/?et_fb=1&amp;PageSpeed=off\">Risks of Belarusification of Georgia\u00a0<\/a><\/li>\n<li>\n<div><a href=\"https:\/\/www.globalscholarperspective.com\/en\/critique-de-livre-jan-v-nanuashvili-ce-que-tout-le-monde-dans-le-monde-libre-devrait-savoir-sur-la-russie-1973\/\"><span>Book review - Jan V. Nanuashvili \u2013 What Everyone in The Free World Should Know About Russia, 1973<\/span><\/a><\/div>\n<\/li>\n<li><a href=\"https:\/\/www.globalscholarperspective.com\/en\/article-dopinion-toute-la-masse-citoyenne-russe-est-elle-responsable-du-conflit-en-cours-en-ukraine-et-si-oui-devrait-elle-etre-humiliee-pour-son-apathie-en-cas-de-victoire-ukrainienne\/\"><span>Article d\u2019opinion \u2013 Toute la masse citoyenne russe est-elle responsable du conflit en cours en Ukraine, et si oui, devrait-elle \u00eatre humili\u00e9e pour son apathie en cas de victoire ukrainienne ?<\/span><\/a><\/li>\n<li><a href=\"https:\/\/www.globalscholarperspective.com\/en\/article-dopinion-toute-la-masse-citoyenne-russe-est-elle-responsable-du-conflit-en-cours-en-ukraine-et-si-oui-devrait-elle-etre-humiliee-pour-son-apathie-en-cas-de-victoire-ukrainienne-2\/\"><span>Opinion Article - Georgia has Lost.\u00a0<\/span><\/a><\/li>\n<\/ul>\n<p>[\/et_pb_toggle][\/et_pb_column][\/et_pb_row][\/et_pb_section]<\/p>","protected":false},"excerpt":{"rendered":"<p>Qui sommes-nous ?Nous sommes des \u00e9tudiants en relations Internationales, qui avons d\u00e9cid\u00e9 d&rsquo;unir nos comp\u00e9tences analytiques dans les domaines de la g\u00e9opolitique globale.\u00a0Nous sommes issu du bachelor en Relations Internationale de l&rsquo;Universit\u00e9 de Gen\u00e8ve, et nous avons choisi de continuer dans ce domaine d&rsquo;\u00e9tude pour nos masters respectifs.\u00a0 Notre conceptNous souhaitons amener une analyse approfondie [&hellip;]<\/p>","protected":false},"author":1,"featured_media":0,"parent":0,"menu_order":0,"comment_status":"closed","ping_status":"closed","template":"","meta":{"_et_pb_use_builder":"on","_et_pb_old_content":"","_et_gb_content_width":"","footnotes":""},"class_list":["post-28886","page","type-page","status-publish","hentry"],"_links":{"self":[{"href":"http:\/\/www.globalscholarperspective.com\/en\/wp-json\/wp\/v2\/pages\/28886","targetHints":{"allow":["GET"]}}],"collection":[{"href":"http:\/\/www.globalscholarperspective.com\/en\/wp-json\/wp\/v2\/pages"}],"about":[{"href":"http:\/\/www.globalscholarperspective.com\/en\/wp-json\/wp\/v2\/types\/page"}],"author":[{"embeddable":true,"href":"http:\/\/www.globalscholarperspective.com\/en\/wp-json\/wp\/v2\/users\/1"}],"replies":[{"embeddable":true,"href":"http:\/\/www.globalscholarperspective.com\/en\/wp-json\/wp\/v2\/comments?post=28886"}],"version-history":[{"count":19,"href":"http:\/\/www.globalscholarperspective.com\/en\/wp-json\/wp\/v2\/pages\/28886\/revisions"}],"predecessor-version":[{"id":29353,"href":"http:\/\/www.globalscholarperspective.com\/en\/wp-json\/wp\/v2\/pages\/28886\/revisions\/29353"}],"wp:attachment":[{"href":"http:\/\/www.globalscholarperspective.com\/en\/wp-json\/wp\/v2\/media?parent=28886"}],"curies":[{"name":"wp","href":"https:\/\/api.w.org\/{rel}","templated":true}]}}